{"id":1887,"date":"2022-04-04T18:55:18","date_gmt":"2022-04-04T22:55:18","guid":{"rendered":"https:\/\/www.cifuentesmarrero.com\/agenda-tu-consulta-2\/"},"modified":"2023-09-30T03:51:26","modified_gmt":"2023-09-30T07:51:26","slug":"agenda-tu-consulta","status":"publish","type":"page","link":"https:\/\/cifuentesmarrero.com\/es\/agenda-tu-consulta\/","title":{"rendered":"Agenda tu consulta"},"content":{"rendered":"<p>[et_pb_section fb_built=&#8221;1&#8243; _builder_version=&#8221;4.16.0&#8243; _module_preset=&#8221;default&#8221; background_color=&#8221;#2060A8&#8243; custom_padding=&#8221;|0px||0px|false|false&#8221; global_colors_info=&#8221;{}&#8221;][et_pb_row custom_padding_last_edited=&#8221;on|phone&#8221; _builder_version=&#8221;4.16.0&#8243; _module_preset=&#8221;default&#8221; custom_padding_tablet=&#8221;&#8221; custom_padding_phone=&#8221;||||false|false&#8221; global_colors_info=&#8221;{}&#8221;][et_pb_column type=&#8221;4_4&#8243; _builder_version=&#8221;4.16.0&#8243; _module_preset=&#8221;default&#8221; background_color=&#8221;#FFFFFF&#8221; global_colors_info=&#8221;{}&#8221;][et_pb_text _builder_version=&#8221;4.19.4&#8243; _module_preset=&#8221;default&#8221; text_font_size=&#8221;17px&#8221; header_font=&#8221;||||||||&#8221; header_text_color=&#8221;#2060A8&#8243; header_font_size=&#8221;40px&#8221; header_line_height=&#8221;1.6em&#8221; custom_margin=&#8221;||||false|false&#8221; custom_padding=&#8221;3%|8%|3%|8%|true|true&#8221; custom_padding_tablet=&#8221;3%|8%|3%|8%|true|true&#8221; custom_padding_phone=&#8221;10%|5%|10%|5%|true|true&#8221; custom_padding_last_edited=&#8221;on|phone&#8221; header_font_size_tablet=&#8221;40px&#8221; header_font_size_phone=&#8221;35px&#8221; header_font_size_last_edited=&#8221;on|phone&#8221; header_line_height_tablet=&#8221;1.6em&#8221; header_line_height_phone=&#8221;1.3em&#8221; header_line_height_last_edited=&#8221;on|phone&#8221; global_colors_info=&#8221;{}&#8221;]<\/p>\n<h1 style=\"text-align: center;\">Agenda tu consulta<\/h1>\n<p>Su soluci\u00f3n de visado profesional comienza con una etapa de consultor\u00eda inicial en la que Maria Cifuentes y su equipo le proporcionan un an\u00e1lisis profundo y las opciones para su caso especifico. Al t\u00e9rmino de la primera fase de consultor\u00eda, usted contar\u00e1 con una respuesta clara y un plan de acci\u00f3n ajustado a su situaci\u00f3n particular; pueden ser necesarias varias conversaciones.<\/p>\n<p>La tarifa para la consulta inicial var\u00eda entre $250 por una consulta virtual de 30 minutos y $500 por una reuni\u00f3n de una hora en persona. Con m\u00e1s de 20 a\u00f1os de experiencia, sabemos que tener la estrategia correcta en un proceso de inmigraci\u00f3n es crucial para el futuro en Estados Unidos<\/p>\n<p>[\/et_pb_text][et_pb_code _builder_version=&#8221;4.16.0&#8243; _module_preset=&#8221;default&#8221; global_colors_info=&#8221;{}&#8221;]<iframe loading=\"lazy\" src=\"https:\/\/app.acuityscheduling.com\/schedule.php?owner=18588390\" title=\"Agenda tu consulta\" width=\"100%\" height=\"800\" frameborder=\"0\"><\/iframe><script src=\"https:\/\/embed.acuityscheduling.com\/js\/embed.js\" type=\"text\/javascript\"><\/script>[\/et_pb_code][\/et_pb_column][\/et_pb_row][\/et_pb_section]<\/p>\n","protected":false},"excerpt":{"rendered":"<p>Agenda tu consulta Su soluci\u00f3n de visado profesional comienza con una etapa de consultor\u00eda inicial en la que Maria Cifuentes y su equipo le proporcionan un an\u00e1lisis profundo y las opciones para su caso especifico. Al t\u00e9rmino de la primera fase de consultor\u00eda, usted contar\u00e1 con una respuesta clara y un plan de acci\u00f3n ajustado [&hellip;]<\/p>\n","protected":false},"author":2,"featured_media":0,"parent":0,"menu_order":0,"comment_status":"closed","ping_status":"closed","template":"","meta":{"_et_pb_use_builder":"on","_et_pb_old_content":"","_et_gb_content_width":"","footnotes":""},"class_list":["post-1887","page","type-page","status-publish","hentry"],"_links":{"self":[{"href":"https:\/\/cifuentesmarrero.com\/es\/wp-json\/wp\/v2\/pages\/1887","targetHints":{"allow":["GET"]}}],"collection":[{"href":"https:\/\/cifuentesmarrero.com\/es\/wp-json\/wp\/v2\/pages"}],"about":[{"href":"https:\/\/cifuentesmarrero.com\/es\/wp-json\/wp\/v2\/types\/page"}],"author":[{"embeddable":true,"href":"https:\/\/cifuentesmarrero.com\/es\/wp-json\/wp\/v2\/users\/2"}],"replies":[{"embeddable":true,"href":"https:\/\/cifuentesmarrero.com\/es\/wp-json\/wp\/v2\/comments?post=1887"}],"version-history":[{"count":25,"href":"https:\/\/cifuentesmarrero.com\/es\/wp-json\/wp\/v2\/pages\/1887\/revisions"}],"predecessor-version":[{"id":2299,"href":"https:\/\/cifuentesmarrero.com\/es\/wp-json\/wp\/v2\/pages\/1887\/revisions\/2299"}],"wp:attachment":[{"href":"https:\/\/cifuentesmarrero.com\/es\/wp-json\/wp\/v2\/media?parent=1887"}],"curies":[{"name":"wp","href":"https:\/\/api.w.org\/{rel}","templated":true}]}}